{"id":5053,"date":"2024-05-07T09:16:54","date_gmt":"2024-05-07T07:16:54","guid":{"rendered":"https:\/\/www.findings-stay.com\/como-trabajamos\/particulares-copy\/"},"modified":"2024-05-07T14:02:52","modified_gmt":"2024-05-07T12:02:52","slug":"blog","status":"publish","type":"page","link":"https:\/\/www.findings-stay.com\/en\/blog\/","title":{"rendered":"Blog"},"content":{"rendered":"<section class=\"wpb-content-wrapper\"><div data-vc-full-width=\"true\" data-vc-full-width-init=\"false\" data-vc-stretch-content=\"true\" class=\"vc_row wpb_row vc_row-fluid vc_custom_1715066388091 vc_row-has-fill vc_row-no-padding vc_row-o-content-middle vc_row-flex eltd-content-aligment-center\" ><div class=\"wpb_column vc_column_container vc_col-sm-12 vc_col-has-fill\"><div class=\"vc_column-inner vc_custom_1709722251271\"><div class=\"wpb_wrapper\"><div class=\"eltd-elements-holder   eltd-two-columns  eltd-responsive-mode-768\" ><div class=\"eltd-eh-item   eltd-horizontal-alignment-right\"  data-item-class=\"eltd-eh-custom-4491\">\n\t<div class=\"eltd-eh-item-inner\">\n\t\t<div class=\"eltd-eh-item-content eltd-eh-custom-4491\" style=\"padding: 0 0 0 0\">\n\t\t\t<div class=\"vc_empty_space\"   style=\"height: 180px\"><span class=\"vc_empty_space_inner\"><\/span><\/div>\n\t<div class=\"wpb_text_column wpb_content_element  vc_custom_1715066401787\" >\n\t\t<div class=\"wpb_wrapper\">\n\t\t\t<h1 style=\"text-align: center;\">Blog<\/h1>\n\n\t\t<\/div>\n\t<\/div>\n<div class=\"vc_empty_space\"   style=\"height: 200px\"><span class=\"vc_empty_space_inner\"><\/span><\/div>\t\t<\/div>\n\t<\/div>\n<\/div><\/div><\/div><\/div><\/div><\/div><div class=\"vc_row-full-width vc_clearfix\"><\/div><div class=\"vc_row wpb_row vc_row-fluid\" ><div class=\"wpb_column vc_column_container vc_col-sm-12\"><div class=\"vc_column-inner\"><div class=\"wpb_wrapper\"><div class=\"vc_empty_space\"   style=\"height: 80px\"><span class=\"vc_empty_space_inner\"><\/span><\/div><div class=\"eltd-blog-list-holder eltd-bl-standard eltd-bl-three-columns eltd-large-space eltd-bl-pag-no-pagination\"  data-type=\"standard\" data-number-of-posts=\"-1\" data-number-of-columns=\"3\" data-space-between-items=\"large\" data-orderby=\"date\" data-order=\"DESC\" data-image-size=\"full\" data-title-tag=\"h4\" data-excerpt-length=\"0\" data-post-info-section=\"no\" data-post-info-image=\"yes\" data-post-info-author=\"yes\" data-post-info-date=\"yes\" data-post-info-category=\"no\" data-post-info-comments=\"no\" data-post-info-like=\"no\" data-post-info-share=\"no\" data-pagination-type=\"no-pagination\" data-max-num-pages=\"0\" data-next-page=\"2\">\n\t<div class=\"eltd-bl-wrapper eltd-outer-space\">\n\t\t<ul class=\"eltd-blog-list\">\n\t\t\t<li class=\"eltd-bl-item eltd-item-space clearfix\">\n\t<div class=\"eltd-bli-inner\">\n\t\t\n\t<div class=\"eltd-post-image\">\n\t\t\t\t\t<a itemprop=\"url\" href=\"https:\/\/www.findings-stay.com\/en\/2024\/06\/26\/errores-que-no-debes-cometer-a-la-hora-de-decorar-un-espacio\/\" title=\"Mistakes you shouldn&#039;t make when decorating a space\">\n\t\t\t\t\t<img loading=\"lazy\" decoding=\"async\" width=\"1500\" height=\"1000\" src=\"https:\/\/www.findings-stay.com\/wp-content\/uploads\/2024\/06\/Dormitorio-Blog-1500.jpg\" class=\"attachment-full size-full wp-post-image\" alt=\"\" srcset=\"https:\/\/www.findings-stay.com\/wp-content\/uploads\/2024\/06\/Dormitorio-Blog-1500.jpg 1500w, https:\/\/www.findings-stay.com\/wp-content\/uploads\/2024\/06\/Dormitorio-Blog-1500-300x200.jpg 300w, https:\/\/www.findings-stay.com\/wp-content\/uploads\/2024\/06\/Dormitorio-Blog-1500-768x512.jpg 768w, https:\/\/www.findings-stay.com\/wp-content\/uploads\/2024\/06\/Dormitorio-Blog-1500-18x12.jpg 18w\" sizes=\"auto, (max-width: 1500px) 100vw, 1500px\" \/>\t\t\t\t\t<\/a>\n\t\t\t\t\t<\/div>\n        <div class=\"eltd-bli-content\">\n            \t\n\t        \n<h4 itemprop=\"name\" class=\"entry-title eltd-post-title\" >\n            <a itemprop=\"url\" href=\"https:\/\/www.findings-stay.com\/en\/2024\/06\/26\/errores-que-no-debes-cometer-a-la-hora-de-decorar-un-espacio\/\" title=\"Mistakes you shouldn&#039;t make when decorating a space\">\n            Mistakes you shouldn't make when decorating a space            <\/a>\n    <\/h4>\t\n\t        <div class=\"eltd-bli-excerpt\">\n\t\t        \t\t        \t<div class=\"eltd-post-read-more-button\">\n\t\t<a itemprop=\"url\" href=\"https:\/\/www.findings-stay.com\/en\/2024\/06\/26\/errores-que-no-debes-cometer-a-la-hora-de-decorar-un-espacio\/\" target=\"_self\"  class=\"eltd-btn eltd-btn-medium eltd-btn-arrow eltd-blog-list-button\"  >\t    <span class=\"eltd-arrow-button\">      <i class=\"eltd-icon-linea-icon icon-arrows-slim-right\" ><\/i>    <\/span>    <\/a>\t<\/div>\n\t        <\/div>\n        <\/div>\n\t<\/div>\n<\/li><li class=\"eltd-bl-item eltd-item-space clearfix\">\n\t<div class=\"eltd-bli-inner\">\n\t\t\n\t<div class=\"eltd-post-image\">\n\t\t\t\t\t<a itemprop=\"url\" href=\"https:\/\/www.findings-stay.com\/en\/2024\/05\/07\/tendencias-sobre-decoracion-de-interiores\/\" title=\"Interior design trends\">\n\t\t\t\t\t<img loading=\"lazy\" decoding=\"async\" width=\"1500\" height=\"1000\" src=\"https:\/\/www.findings-stay.com\/wp-content\/uploads\/2024\/05\/05-07.jpg\" class=\"attachment-full size-full wp-post-image\" alt=\"\" srcset=\"https:\/\/www.findings-stay.com\/wp-content\/uploads\/2024\/05\/05-07.jpg 1500w, https:\/\/www.findings-stay.com\/wp-content\/uploads\/2024\/05\/05-07-300x200.jpg 300w, https:\/\/www.findings-stay.com\/wp-content\/uploads\/2024\/05\/05-07-768x512.jpg 768w, https:\/\/www.findings-stay.com\/wp-content\/uploads\/2024\/05\/05-07-18x12.jpg 18w\" sizes=\"auto, (max-width: 1500px) 100vw, 1500px\" \/>\t\t\t\t\t<\/a>\n\t\t\t\t\t<\/div>\n        <div class=\"eltd-bli-content\">\n            \t\n\t        \n<h4 itemprop=\"name\" class=\"entry-title eltd-post-title\" >\n            <a itemprop=\"url\" href=\"https:\/\/www.findings-stay.com\/en\/2024\/05\/07\/tendencias-sobre-decoracion-de-interiores\/\" title=\"Interior design trends\">\n            Interior design trends            <\/a>\n    <\/h4>\t\n\t        <div class=\"eltd-bli-excerpt\">\n\t\t        \t\t        \t<div class=\"eltd-post-read-more-button\">\n\t\t<a itemprop=\"url\" href=\"https:\/\/www.findings-stay.com\/en\/2024\/05\/07\/tendencias-sobre-decoracion-de-interiores\/\" target=\"_self\"  class=\"eltd-btn eltd-btn-medium eltd-btn-arrow eltd-blog-list-button\"  >\t    <span class=\"eltd-arrow-button\">      <i class=\"eltd-icon-linea-icon icon-arrows-slim-right\" ><\/i>    <\/span>    <\/a>\t<\/div>\n\t        <\/div>\n        <\/div>\n\t<\/div>\n<\/li><li class=\"eltd-bl-item eltd-item-space clearfix\">\n\t<div class=\"eltd-bli-inner\">\n\t\t\n\t<div class=\"eltd-post-image\">\n\t\t\t\t\t<a itemprop=\"url\" href=\"https:\/\/www.findings-stay.com\/en\/2024\/04\/29\/ventajas-sobre-home-staging\/\" title=\"Advantages about home Staging\">\n\t\t\t\t\t<img loading=\"lazy\" decoding=\"async\" width=\"1500\" height=\"1000\" src=\"https:\/\/www.findings-stay.com\/wp-content\/uploads\/2024\/04\/04-29.jpg\" class=\"attachment-full size-full wp-post-image\" alt=\"\" srcset=\"https:\/\/www.findings-stay.com\/wp-content\/uploads\/2024\/04\/04-29.jpg 1500w, https:\/\/www.findings-stay.com\/wp-content\/uploads\/2024\/04\/04-29-300x200.jpg 300w, https:\/\/www.findings-stay.com\/wp-content\/uploads\/2024\/04\/04-29-768x512.jpg 768w, https:\/\/www.findings-stay.com\/wp-content\/uploads\/2024\/04\/04-29-18x12.jpg 18w\" sizes=\"auto, (max-width: 1500px) 100vw, 1500px\" \/>\t\t\t\t\t<\/a>\n\t\t\t\t\t<\/div>\n        <div class=\"eltd-bli-content\">\n            \t\n\t        \n<h4 itemprop=\"name\" class=\"entry-title eltd-post-title\" >\n            <a itemprop=\"url\" href=\"https:\/\/www.findings-stay.com\/en\/2024\/04\/29\/ventajas-sobre-home-staging\/\" title=\"Advantages about home Staging\">\n            Advantages about home Staging            <\/a>\n    <\/h4>\t\n\t        <div class=\"eltd-bli-excerpt\">\n\t\t        \t\t        \t<div class=\"eltd-post-read-more-button\">\n\t\t<a itemprop=\"url\" href=\"https:\/\/www.findings-stay.com\/en\/2024\/04\/29\/ventajas-sobre-home-staging\/\" target=\"_self\"  class=\"eltd-btn eltd-btn-medium eltd-btn-arrow eltd-blog-list-button\"  >\t    <span class=\"eltd-arrow-button\">      <i class=\"eltd-icon-linea-icon icon-arrows-slim-right\" ><\/i>    <\/span>    <\/a>\t<\/div>\n\t        <\/div>\n        <\/div>\n\t<\/div>\n<\/li>\t\t<\/ul>\n\t<\/div>\n\t<\/div><div class=\"vc_empty_space\"   style=\"height: 50px\"><span class=\"vc_empty_space_inner\"><\/span><\/div><\/div><\/div><\/div><\/div><div class=\"wpb_column vc_column_container vc_col-sm-6\"><div class=\"vc_column-inner\"><div class=\"wpb_wrapper\"><\/div><\/div><\/div><div class=\"wpb_column vc_column_container vc_col-sm-6\"><div class=\"vc_column-inner\"><div class=\"wpb_wrapper\"><\/div><\/div><\/div>\n<\/section>","protected":false},"excerpt":{"rendered":"\u00bfTe has preguntado alguna vez c\u00f3mo los espacios vac\u00edos pueden cobrar vida y convertirse en hogares acogedores y atractivos en cuesti\u00f3n de d\u00edas?\u00a0 El secreto est\u00e1 en el arte del home staging. Desde la presentaci\u00f3n de una vivienda en el [...]","protected":false},"author":1,"featured_media":0,"parent":0,"menu_order":0,"comment_status":"closed","ping_status":"closed","template":"","meta":{"_joinchat":[],"footnotes":""},"class_list":["post-5053","page","type-page","status-publish","hentry"],"yoast_head":"<!-- This site is optimized with the Yoast SEO plugin v26.5 - https:\/\/yoast.com\/wordpress\/plugins\/seo\/ -->\n<title>Blog - Findings Stay<\/title>\n<meta name=\"robots\" content=\"index, follow, max-snippet:-1, max-image-preview:large, max-video-preview:-1\" \/>\n<link rel=\"canonical\" href=\"https:\/\/www.findings-stay.com\/en\/blog\/\" \/>\n<meta property=\"og:locale\" content=\"en_GB\" \/>\n<meta property=\"og:type\" content=\"article\" \/>\n<meta property=\"og:title\" content=\"Blog - Findings Stay\" \/>\n<meta property=\"og:url\" content=\"https:\/\/www.findings-stay.com\/en\/blog\/\" \/>\n<meta property=\"og:site_name\" content=\"Findings Stay\" \/>\n<meta property=\"article:modified_time\" content=\"2024-05-07T12:02:52+00:00\" \/>\n<meta name=\"twitter:card\" content=\"summary_large_image\" \/>\n<meta name=\"twitter:label1\" content=\"Estimated reading time\" \/>\n\t<meta name=\"twitter:data1\" content=\"1 minute\" \/>\n<script type=\"application\/ld+json\" class=\"yoast-schema-graph\">{\"@context\":\"https:\/\/schema.org\",\"@graph\":[{\"@type\":\"WebPage\",\"@id\":\"https:\/\/www.findings-stay.com\/en\/blog\/\",\"url\":\"https:\/\/www.findings-stay.com\/en\/blog\/\",\"name\":\"Blog - Findings Stay\",\"isPartOf\":{\"@id\":\"https:\/\/www.findings-stay.com\/#website\"},\"datePublished\":\"2024-05-07T07:16:54+00:00\",\"dateModified\":\"2024-05-07T12:02:52+00:00\",\"breadcrumb\":{\"@id\":\"https:\/\/www.findings-stay.com\/en\/blog\/#breadcrumb\"},\"inLanguage\":\"en-GB\",\"potentialAction\":[{\"@type\":\"ReadAction\",\"target\":[\"https:\/\/www.findings-stay.com\/en\/blog\/\"]}]},{\"@type\":\"BreadcrumbList\",\"@id\":\"https:\/\/www.findings-stay.com\/en\/blog\/#breadcrumb\",\"itemListElement\":[{\"@type\":\"ListItem\",\"position\":1,\"name\":\"Portada\",\"item\":\"https:\/\/www.findings-stay.com\/\"},{\"@type\":\"ListItem\",\"position\":2,\"name\":\"Blog\"}]},{\"@type\":\"WebSite\",\"@id\":\"https:\/\/www.findings-stay.com\/#website\",\"url\":\"https:\/\/www.findings-stay.com\/\",\"name\":\"Findings Stay\",\"description\":\"\",\"publisher\":{\"@id\":\"https:\/\/www.findings-stay.com\/#organization\"},\"potentialAction\":[{\"@type\":\"SearchAction\",\"target\":{\"@type\":\"EntryPoint\",\"urlTemplate\":\"https:\/\/www.findings-stay.com\/?s={search_term_string}\"},\"query-input\":{\"@type\":\"PropertyValueSpecification\",\"valueRequired\":true,\"valueName\":\"search_term_string\"}}],\"inLanguage\":\"en-GB\"},{\"@type\":\"Organization\",\"@id\":\"https:\/\/www.findings-stay.com\/#organization\",\"name\":\"Findings Stay\",\"url\":\"https:\/\/www.findings-stay.com\/\",\"logo\":{\"@type\":\"ImageObject\",\"inLanguage\":\"en-GB\",\"@id\":\"https:\/\/www.findings-stay.com\/#\/schema\/logo\/image\/\",\"url\":\"https:\/\/www.findings-stay.com\/wp-content\/uploads\/2024\/03\/Logo_650.png\",\"contentUrl\":\"https:\/\/www.findings-stay.com\/wp-content\/uploads\/2024\/03\/Logo_650.png\",\"width\":651,\"height\":57,\"caption\":\"Findings Stay\"},\"image\":{\"@id\":\"https:\/\/www.findings-stay.com\/#\/schema\/logo\/image\/\"}}]}<\/script>\n<!-- \/ Yoast SEO plugin. -->","yoast_head_json":{"title":"Blog - Findings Stay","robots":{"index":"index","follow":"follow","max-snippet":"max-snippet:-1","max-image-preview":"max-image-preview:large","max-video-preview":"max-video-preview:-1"},"canonical":"https:\/\/www.findings-stay.com\/en\/blog\/","og_locale":"en_GB","og_type":"article","og_title":"Blog - Findings Stay","og_url":"https:\/\/www.findings-stay.com\/en\/blog\/","og_site_name":"Findings Stay","article_modified_time":"2024-05-07T12:02:52+00:00","twitter_card":"summary_large_image","twitter_misc":{"Estimated reading time":"1 minute"},"schema":{"@context":"https:\/\/schema.org","@graph":[{"@type":"WebPage","@id":"https:\/\/www.findings-stay.com\/en\/blog\/","url":"https:\/\/www.findings-stay.com\/en\/blog\/","name":"Blog - Findings Stay","isPartOf":{"@id":"https:\/\/www.findings-stay.com\/#website"},"datePublished":"2024-05-07T07:16:54+00:00","dateModified":"2024-05-07T12:02:52+00:00","breadcrumb":{"@id":"https:\/\/www.findings-stay.com\/en\/blog\/#breadcrumb"},"inLanguage":"en-GB","potentialAction":[{"@type":"ReadAction","target":["https:\/\/www.findings-stay.com\/en\/blog\/"]}]},{"@type":"BreadcrumbList","@id":"https:\/\/www.findings-stay.com\/en\/blog\/#breadcrumb","itemListElement":[{"@type":"ListItem","position":1,"name":"Portada","item":"https:\/\/www.findings-stay.com\/"},{"@type":"ListItem","position":2,"name":"Blog"}]},{"@type":"WebSite","@id":"https:\/\/www.findings-stay.com\/#website","url":"https:\/\/www.findings-stay.com\/","name":"Findings Stay","description":"","publisher":{"@id":"https:\/\/www.findings-stay.com\/#organization"},"potentialAction":[{"@type":"SearchAction","target":{"@type":"EntryPoint","urlTemplate":"https:\/\/www.findings-stay.com\/?s={search_term_string}"},"query-input":{"@type":"PropertyValueSpecification","valueRequired":true,"valueName":"search_term_string"}}],"inLanguage":"en-GB"},{"@type":"Organization","@id":"https:\/\/www.findings-stay.com\/#organization","name":"Findings Stay","url":"https:\/\/www.findings-stay.com\/","logo":{"@type":"ImageObject","inLanguage":"en-GB","@id":"https:\/\/www.findings-stay.com\/#\/schema\/logo\/image\/","url":"https:\/\/www.findings-stay.com\/wp-content\/uploads\/2024\/03\/Logo_650.png","contentUrl":"https:\/\/www.findings-stay.com\/wp-content\/uploads\/2024\/03\/Logo_650.png","width":651,"height":57,"caption":"Findings Stay"},"image":{"@id":"https:\/\/www.findings-stay.com\/#\/schema\/logo\/image\/"}}]}},"_links":{"self":[{"href":"https:\/\/www.findings-stay.com\/en\/wp-json\/wp\/v2\/pages\/5053","targetHints":{"allow":["GET"]}}],"collection":[{"href":"https:\/\/www.findings-stay.com\/en\/wp-json\/wp\/v2\/pages"}],"about":[{"href":"https:\/\/www.findings-stay.com\/en\/wp-json\/wp\/v2\/types\/page"}],"author":[{"embeddable":true,"href":"https:\/\/www.findings-stay.com\/en\/wp-json\/wp\/v2\/users\/1"}],"replies":[{"embeddable":true,"href":"https:\/\/www.findings-stay.com\/en\/wp-json\/wp\/v2\/comments?post=5053"}],"version-history":[{"count":6,"href":"https:\/\/www.findings-stay.com\/en\/wp-json\/wp\/v2\/pages\/5053\/revisions"}],"predecessor-version":[{"id":5071,"href":"https:\/\/www.findings-stay.com\/en\/wp-json\/wp\/v2\/pages\/5053\/revisions\/5071"}],"wp:attachment":[{"href":"https:\/\/www.findings-stay.com\/en\/wp-json\/wp\/v2\/media?parent=5053"}],"curies":[{"name":"wp","href":"https:\/\/api.w.org\/{rel}","templated":true}]}}