{"id":4393,"date":"2024-04-04T11:47:47","date_gmt":"2024-04-04T09:47:47","guid":{"rendered":"https:\/\/www.findings-stay.com\/?page_id=4393"},"modified":"2024-04-18T12:12:50","modified_gmt":"2024-04-18T10:12:50","slug":"aviso-legal","status":"publish","type":"page","link":"https:\/\/www.findings-stay.com\/en\/aviso-legal\/","title":{"rendered":"Legal Notice"},"content":{"rendered":"<section class=\"wpb-content-wrapper\"><div class=\"vc_row wpb_row vc_row-fluid\" ><div class=\"wpb_column vc_column_container vc_col-sm-2\"><div class=\"vc_column-inner vc_custom_1712298102171\"><div class=\"wpb_wrapper\"><\/div><\/div><\/div><div class=\"wpb_column vc_column_container vc_col-sm-8\"><div class=\"vc_column-inner\"><div class=\"wpb_wrapper\">\n\t<div class=\"wpb_text_column wpb_content_element  vc_custom_1712298269964\" >\n\t\t<div class=\"wpb_wrapper\">\n\t\t\t<h2 style=\"text-align: center;\"><span style=\"color: #636363;\">Aviso Legal<\/span><\/h2>\n\n\t\t<\/div>\n\t<\/div>\n\n\t<div class=\"wpb_text_column wpb_content_element  vc_custom_1713435168170\" >\n\t\t<div class=\"wpb_wrapper\">\n\t\t\t<p><br class=\"wp-elements-8a5cb34c5f71b0262f3255611d2b6dd3\" \/><span style=\"color: #636363;\"><strong>CONDICIONES DE USO:<\/strong><\/span><\/p>\n<p class=\"has-text-color has-link-color\" style=\"color: #626268; text-align: left;\"><span style=\"color: #636363;\"><\/span><\/p>\n<p><span style=\"color: #636363;\"><\/span><\/p>\n<p style=\"text-align: left;\"><span style=\"color: #636363;\">La presente p\u00e1gina Web ha sido dise\u00f1ada por la entidad GALERIA MARBOR S.L., C\/ Valle de la Fuenfr\u00eda N\u00ba 4, Madrid, C.P. 28034., Espa\u00f1a, para dar a conocer los servicios ofertados, con fines meramente informativos, as\u00ed como para la recepci\u00f3n de posibles clientes, contactos comerciales y demandas de empleo.<\/span><\/p>\n<p class=\"has-text-color has-link-color\" style=\"color: #626268; text-align: left;\"><span style=\"color: #636363;\"><\/span><\/p>\n<p><span style=\"color: #636363;\"><\/span><\/p>\n<p style=\"text-align: left;\"><span style=\"color: #636363;\">La web contiene contenidos elaborados por los titulares de la misma, y \u00e9stos podr\u00edan no reflejar la actualidad m\u00e1s reciente, por lo que en cualquier momento dichos contenidos podr\u00e1n ser modificados y\/o sustituidos por unos nuevos, sin notificaci\u00f3n previa, ni responsabilidad alguna.<\/span><\/p>\n<p><span style=\"color: #636363;\"><\/span><\/p>\n<p><span style=\"color: #636363;\">Los Contenidos de la web no pueden ser considerados, en ning\u00fan caso, como sustitutivos de asesoramiento legal, ni de ning\u00fan otro tipo de asesoramiento. No existir\u00e1 ning\u00fan tipo de relaci\u00f3n comercial, profesional, ni ning\u00fan tipo de relaci\u00f3n de otra \u00edndole con los profesionales que integran la web por el mero hecho del acceso a ella por parte de los usuarios.<\/span><\/p>\n<p><span style=\"color: #636363;\"><\/span><\/p>\n<p><span style=\"color: #636363;\">Esta web no garantiza ni la rapidez ni la no interrupci\u00f3n. Asimismo, el titular de la web y colaboradores, tampoco podr\u00e1n ser considerados responsables por cualesquiera da\u00f1os derivados de la utilizaci\u00f3n de esta web, ni por cualquier actuaci\u00f3n realizada sobre la base de la informaci\u00f3n que en ella se facilita.<\/span><\/p>\n<p><span style=\"color: #636363;\"><\/span><\/p>\n<p><span style=\"color: #636363;\">Aunque ponemos todos los medios posibles para la seguridad del sitio web, no se garantiza la ausencia de virus u otros elementos lesivos que pudieran causar da\u00f1os o alteraciones en el sistema inform\u00e1tico, en los documentos electr\u00f3nicos o en los ficheros del usuario de este sitio web. En consecuencia, no se responde por los da\u00f1os y perjuicios que tales elementos pudieran ocasionar al usuario o a terceros.<\/span><\/p>\n<p class=\"has-text-color has-link-color\" style=\"color: #626268; text-align: left;\"><span style=\"color: #636363;\"><\/span><\/p>\n<p><span style=\"color: #636363;\"><\/span><\/p>\n<p class=\"wp-elements-a9c9f94eaab4086a06b549016c7f5cc7\">&nbsp;<\/p>\n<p class=\"has-text-color has-link-color\" style=\"color: #626268;\"><span style=\"color: #636363;\"><strong>PROPIEDAD INTELECTUAL E INDUSTRIAL:<\/strong><\/span><\/p>\n<p><span style=\"color: #636363;\"><\/span><\/p>\n<p><span style=\"color: #636363;\">Los derechos de propiedad intelectual de la p\u00e1gina www.findings-gallery.com, su c\u00f3digo fuente, dise\u00f1o, estructuras de navegaci\u00f3n y los distintos elementos en ella contenidos son titularidad de GALERIA MARBOR S.L., a quien corresponde el ejercicio exclusivo de los derechos de explotaci\u00f3n de los mismos en cualquier forma y, en especial, los derechos de reproducci\u00f3n, distribuci\u00f3n, comunicaci\u00f3n p\u00fablica y transformaci\u00f3n, de acuerdo con la legislaci\u00f3n espa\u00f1ola y de la uni\u00f3n europea aplicable.<\/span><\/p>\n<p><span style=\"color: #636363;\"><\/span><\/p>\n<p><span style=\"color: #636363;\">El portal de GALERIA MARBOR S.L., las p\u00e1ginas que comprende y la informaci\u00f3n o elementos contenidos en las mismas, incluyen textos, documentos, fotograf\u00edas, dibujos, representaciones gr\u00e1ficas, programas inform\u00e1ticos, as\u00ed como logotipos, marcas, nombres comerciales, u otros signos distintivos, protegidos por derechos de propiedad intelectual o industrial, de los que GALERIA MARBOR S.L. son titulares o leg\u00edtimas licenciatarias.<\/span><\/p>\n<p class=\"has-text-color has-link-color\" style=\"color: #626268; text-align: left;\"><span style=\"color: #636363;\"><\/span><\/p>\n<p><span style=\"color: #636363;\"><\/span><\/p>\n<p class=\"wp-elements-cf633b2433b572ed855642a7c2567b6b\">&nbsp;<\/p>\n<p class=\"has-text-color has-link-color\" style=\"color: #626268;\"><span style=\"color: #636363;\"><strong>CONTENIDOS:<\/strong><\/span><\/p>\n<p><span style=\"color: #636363;\">Se facilita a trav\u00e9s de esta Web informaci\u00f3n acerca de servicios destinados a conocimiento p\u00fablico que en todo caso se sujetar\u00e1n a los t\u00e9rminos y condiciones expresamente detallados en cada momento y que son accesibles desde esta p\u00e1gina Web, los cuales se sujetar\u00e1n a las distintas disposiciones legales de aplicaci\u00f3n.<\/span><\/p>\n<p class=\"has-text-color has-link-color\" style=\"color: #626268; text-align: left;\"><span style=\"color: #636363;\"><!-- \/wp:post-content --><\/span><\/p>\n<p><span style=\"color: #636363;\"><!-- wp:paragraph {\"style\":{\"color\":{\"text\":\"#626268\"},\"elements\":{\"link\":{\"color\":{\"text\":\"#626268\"}}}}} --><\/span><\/p>\n<p>&nbsp;<\/p>\n<p class=\"has-text-color has-link-color\" style=\"color: #626268;\"><span style=\"color: #636363;\"><strong>ACCESO Y USO:<\/strong><\/span><\/p>\n<p><span style=\"color: #636363;\"><!-- \/wp:paragraph --><\/span><\/p>\n<p><span style=\"color: #636363;\"><!-- wp:paragraph -->El acceso, navegaci\u00f3n y uso de esta web, confiere la condici\u00f3n de Usuario, por lo que se aceptan, desde que se inicia la navegaci\u00f3n por la misma, todas las Condiciones que se encuentran establecidas, as\u00ed como sus ulteriores modificaciones, sin perjuicio de la aplicaci\u00f3n de las correspondientes disposiciones legales de obligado cumplimiento.<\/span><\/p>\n<p><span style=\"color: #636363;\"><!-- \/wp:paragraph --><\/span><\/p>\n<p><span style=\"color: #636363;\"><!-- wp:paragraph -->El usuario asume la responsabilidad de un uso correcto en la web. Esta responsabilidad se extender\u00e1 a:<\/span><\/p>\n<p><span style=\"color: #636363;\">&#8211; Hacer un uso adecuado de la web para realizar consultas y compras de productos legalmente v\u00e1lidas.<\/span><\/p>\n<p><span style=\"color: #636363;\"><!-- \/wp:paragraph --><\/span><\/p>\n<p><!-- wp:list-item --><\/p>\n<p><span style=\"color: #636363;\">&#8211; No realizar ninguna compra falsa o fraudulenta. Si se considera cualquier operaci\u00f3n de dicha \u00edndole, podr\u00eda ser anulada por GALERIA MARBOR S.L., y se informar\u00eda a las autoridades pertinentes.<\/span><\/p>\n<p><span style=\"color: #636363;\"><!-- \/wp:list-item --><\/span><\/p>\n<p><!-- wp:list-item --><\/p>\n<p><span style=\"color: #636363;\">&#8211; Facilitar datos veraces y l\u00edcitos.<\/span><\/p>\n<p><span style=\"color: #636363;\"><!-- \/wp:list-item --><!-- \/wp:list --><\/span><\/p>\n<p><span style=\"color: #636363;\"><!-- wp:paragraph -->El Usuario declara ser mayor de 18 a\u00f1os y tener capacidad legal para celebrar contratos a trav\u00e9s de la web.<\/span><\/p>\n<p><span style=\"color: #636363;\"><!-- \/wp:paragraph --><\/span><\/p>\n<p><span style=\"color: #636363;\"><!-- wp:paragraph -->Tanto el acceso a esta p\u00e1gina Web, como el uso que pueda hacerse de la informaci\u00f3n y contenidos incluidos en la misma, ser\u00e1 de la exclusiva responsabilidad de quien lo realice.<\/span><\/p>\n<p><span style=\"color: #636363;\"><!-- \/wp:paragraph --><\/span><\/p>\n<p><span style=\"color: #636363;\"><!-- wp:paragraph -->Las condiciones de acceso a este Web estar\u00e1n supeditadas a la legalidad vigente y los principios de la buena fe y uso l\u00edcito por parte del usuario de la misma, quedando prohibido con car\u00e1cter general cualquier tipo de actuaci\u00f3n en perjuicio de GALERIA MARBOR S.L..<\/span><\/p>\n<p><span style=\"color: #636363;\"><!-- \/wp:paragraph --><\/span><\/p>\n<p><span style=\"color: #636363;\"><!-- wp:paragraph -->Se considerar\u00e1 terminantemente prohibido el uso de la presente p\u00e1gina Web con fines ilegales o no autorizados.<\/span><\/p>\n<p><span style=\"color: #636363;\"><!-- \/wp:paragraph --><\/span><\/p>\n<p><span style=\"color: #636363;\"><!-- wp:paragraph -->Queda prohibida cualquier modalidad de explotaci\u00f3n, incluyendo todo tipo de reproducci\u00f3n, distribuci\u00f3n, cesi\u00f3n a terceros, comunicaci\u00f3n p\u00fablica y transformaci\u00f3n, mediante cualquier tipo de soporte y medio, de las obras antes referidas, creaciones y signos distintivos sin autorizaci\u00f3n previa y expresa de sus respectivos titulares. El incumplimiento de esta prohibici\u00f3n podr\u00e1 constituir infracci\u00f3n sancionable por la legislaci\u00f3n vigente.<\/span><\/p>\n<p><span style=\"color: #636363;\"><!-- \/wp:paragraph --><\/span><\/p>\n<p><span style=\"color: #636363;\"><!-- wp:paragraph -->No obstante, por su cuenta y riesgo, el usuario podr\u00e1 descargar o realizar copia de tales elementos exclusivamente para su uso personal, siempre que no infrinja ninguno de los derechos de propiedad intelectual o industrial de GALERIA MARBOR S.L., ni los altere total o parcialmente. En ning\u00fan caso, ello significar\u00e1 una autorizaci\u00f3n o licencia sobre los derechos de propiedad de GALERIA MARBOR S.L..<\/span><\/p>\n<p><span style=\"color: #636363;\"><!-- \/wp:paragraph --><\/span><\/p>\n<p><span style=\"color: #636363;\"><!-- wp:paragraph -->Queda prohibido, salvo en los casos que expresamente lo autorice GALERIA MARBOR S.L., presentar las p\u00e1ginas de GALERIA MARBOR S.L., o la informaci\u00f3n contenida en ellas bajo frames o marcos, signos distintivos, marcas o denominaciones sociales o comerciales de otra persona, empresa o entidad.<\/span><\/p>\n<p><span style=\"color: #636363;\"><!-- \/wp:paragraph --><\/span><\/p>\n<p><!-- wp:paragraph {\"style\":{\"color\":{\"text\":\"#626268\"},\"elements\":{\"link\":{\"color\":{\"text\":\"#626268\"}}}}} --><\/p>\n<p class=\"has-text-color has-link-color\" style=\"color: #626268;\"><span style=\"color: #636363;\"><strong>RESPONSABILIDAD:<\/strong><\/span><\/p>\n<p><span style=\"color: #636363;\"><!-- \/wp:paragraph -->GALERIA MARBOR S.L. no se hace responsable bajo ning\u00fan concepto por ning\u00fan tipo de da\u00f1o que pudiesen ocasionar los Usuarios a la presente p\u00e1gina Web, o a cualquier otra, por el uso ilegal o indebido de la misma, o de los contenidos e informaciones accesibles o facilitadas a trav\u00e9s de ella. El usuario cuando accede a la web, lo hace por su propia cuenta y riesgo.<\/span><\/p>\n<p><span style=\"color: #636363;\"><!-- \/wp:paragraph --><\/span><\/p>\n<p><!-- wp:paragraph {\"style\":{\"color\":{\"text\":\"#626268\"},\"elements\":{\"link\":{\"color\":{\"text\":\"#626268\"}}}}} --><\/p>\n<p class=\"has-text-color has-link-color\" style=\"color: #626268;\"><span style=\"color: #636363;\"><strong>SERVICIO:<\/strong><\/span><\/p>\n<p><span style=\"color: #636363;\"><!-- \/wp:paragraph -->GALERIA MARBOR S.L. se reserva el derecho de suspender el acceso a su p\u00e1gina Web, sin previo aviso, de forma discrecional y temporal, por razones t\u00e9cnicas o de cualquier otra \u00edndole, pudiendo asimismo modificar unilateralmente tanto las condiciones de acceso, como la totalidad o parte de los contenidos en ella incluidos.<\/span><\/p>\n<p><span style=\"color: #636363;\"><!-- \/wp:paragraph --><\/span><\/p>\n<p><!-- wp:paragraph {\"style\":{\"color\":{\"text\":\"#626268\"},\"elements\":{\"link\":{\"color\":{\"text\":\"#626268\"}}}}} --><\/p>\n<p class=\"has-text-color has-link-color\" style=\"color: #626268;\"><span style=\"color: #636363;\"><strong>GENERALES:<\/strong><\/span><\/p>\n<p><span style=\"color: #636363;\"><!-- \/wp:paragraph -->Para toda cuesti\u00f3n litigiosa o que incumba a la P\u00e1gina Web de GALERIA MARBOR S.L., ser\u00e1 de aplicaci\u00f3n la legislaci\u00f3n espa\u00f1ola, siendo competentes para la resoluci\u00f3n de todos los conflictos derivados o relacionados con el uso de esta p\u00e1gina Web, los Juzgados y Tribunales del domicilio del usuario. El acceso a la p\u00e1gina Web de GALERIA MARBOR S.L. implica la aceptaci\u00f3n de todas las condiciones anteriormente expresadas.<\/span><\/p>\n<p><span style=\"color: #636363;\"><!-- \/wp:paragraph --><\/span><\/p>\n<p><!-- wp:paragraph {\"style\":{\"color\":{\"text\":\"#626268\"},\"elements\":{\"link\":{\"color\":{\"text\":\"#626268\"}}}}} --><\/p>\n<p class=\"has-text-color has-link-color\" style=\"color: #626268;\"><span style=\"color: #636363;\"><strong>HIPERENLACES:<\/strong><\/span><\/p>\n<p><span style=\"color: #636363;\"><!-- \/wp:paragraph --><\/span><\/p>\n<p><span style=\"color: #636363;\"><!-- wp:paragraph -->Los hiperenlaces que se pudieran contener en el sitio Web de GALERIA MARBOR S.L. podr\u00edan dirigir a p\u00e1ginas Web de terceros. GALERIA MARBOR S.L. no asume ninguna responsabilidad por el contenido, informaciones o servicios que pudieran aparecer en dichos sitios, que tendr\u00e1n exclusivamente car\u00e1cter informativo y que en ning\u00fan caso implican relaci\u00f3n alguna entre GALERIA MARBOR S.L. y a las personas o entidades titulares de tales contenidos o titulares de los sitios donde se encuentren.<\/span><\/p>\n<p><span style=\"color: #636363;\"><!-- \/wp:paragraph --><\/span><\/p>\n<p><!-- wp:paragraph {\"style\":{\"color\":{\"text\":\"#626268\"},\"elements\":{\"link\":{\"color\":{\"text\":\"#626268\"}}}}} --><\/p>\n<p class=\"has-text-color has-link-color\" style=\"color: #626268;\"><span style=\"color: #636363;\"><strong>REGULACI\u00d3N, LEY APLICABLE, JURISDICCI\u00d3N Y PROCEDIMIENTO EN CASO DE REALIZACI\u00d3N DE ACTIVIDADES DE CAR\u00c1CTER IL\u00cdCITO:<\/strong><\/span><\/p>\n<p><span style=\"color: #636363;\"><!-- \/wp:paragraph -->Para toda cuesti\u00f3n litigiosa o que incumba a la P\u00e1gina Web de GALERIA MARBOR S.L., ser\u00e1 de aplicaci\u00f3n la legislaci\u00f3n espa\u00f1ola, siendo competentes para la resoluci\u00f3n de todos los conflictos derivados o relacionados con el uso de esta p\u00e1gina Web, los Juzgados y Tribunales del domicilio del usuario. El acceso a la p\u00e1gina Web de GALERIA MARBOR S.L. implica la aceptaci\u00f3n de todas las condiciones anteriormente expresadas.<\/span><\/p>\n<p><span style=\"color: #636363;\"><!-- \/wp:paragraph --><\/span><\/p>\n<p><span style=\"color: #636363;\"><!-- wp:paragraph -->En el caso de que cualquier usuario o un tercero considere que existen hechos o circunstancias que revelen el car\u00e1cter il\u00edcito de la utilizaci\u00f3n de cualquier contenido y\/o de la realizaci\u00f3n de cualquier actividad en las p\u00e1ginas web incluidas o accesibles a trav\u00e9s del sitio web, deber\u00e1 enviar una notificaci\u00f3n a\u00a0GALERIA MARBOR S.L.\u00a0identific\u00e1ndose debidamente y especificando las supuestas infracciones.<\/span><\/p>\n<p><span style=\"color: #636363;\"><!-- \/wp:paragraph --><\/span><\/p>\n<p><span style=\"color: #636363;\"><!-- wp:paragraph -->Adem\u00e1s, cualquier controversia, problema o desacuerdo que surja o est\u00e9 relacionado con el acceso, navegaci\u00f3n y\/o uso de\u00a0la web, como con la interpretaci\u00f3n y ejecuci\u00f3n de estas Condiciones, o con los contratos producidos entre el Usuario y\u00a0GALERIA MARBOR S.L., ser\u00e1 sometida a la jurisdicci\u00f3n no exclusiva de los juzgados y tribunales espa\u00f1oles.<\/span><\/p>\n<p><span style=\"color: #636363;\"><!-- \/wp:paragraph --><\/span><\/p>\n<p>&nbsp;<\/p>\n\n\t\t<\/div>\n\t<\/div>\n<\/div><\/div><\/div><div class=\"wpb_column vc_column_container vc_col-sm-2\"><div class=\"vc_column-inner\"><div class=\"wpb_wrapper\"><\/div><\/div><\/div><\/div><\/section>","protected":false},"excerpt":{"rendered":"Aviso Legal CONDICIONES DE USO: La presente p\u00e1gina Web ha sido dise\u00f1ada por la entidad GALERIA MARBOR S.L., C\/ Valle de la Fuenfr\u00eda N\u00ba 4, Madrid, C.P. 28034., Espa\u00f1a, para dar a conocer los servicios ofertados, con fines meramente informativos, [...]","protected":false},"author":1,"featured_media":0,"parent":0,"menu_order":0,"comment_status":"closed","ping_status":"open","template":"","meta":{"_joinchat":[],"footnotes":""},"class_list":["post-4393","page","type-page","status-publish","hentry"],"yoast_head":"<!-- This site is optimized with the Yoast SEO plugin v26.5 - https:\/\/yoast.com\/wordpress\/plugins\/seo\/ -->\n<title>Aviso legal - Findings Stay<\/title>\n<meta name=\"robots\" content=\"index, follow, max-snippet:-1, max-image-preview:large, max-video-preview:-1\" \/>\n<link rel=\"canonical\" href=\"https:\/\/www.findings-stay.com\/en\/aviso-legal\/\" \/>\n<meta property=\"og:locale\" content=\"en_GB\" \/>\n<meta property=\"og:type\" content=\"article\" \/>\n<meta property=\"og:title\" content=\"Aviso legal - Findings Stay\" \/>\n<meta property=\"og:url\" content=\"https:\/\/www.findings-stay.com\/en\/aviso-legal\/\" \/>\n<meta property=\"og:site_name\" content=\"Findings Stay\" \/>\n<meta property=\"article:modified_time\" content=\"2024-04-18T10:12:50+00:00\" \/>\n<meta name=\"twitter:card\" content=\"summary_large_image\" \/>\n<meta name=\"twitter:label1\" content=\"Estimated reading time\" \/>\n\t<meta name=\"twitter:data1\" content=\"8 minutes\" \/>\n<script type=\"application\/ld+json\" class=\"yoast-schema-graph\">{\"@context\":\"https:\/\/schema.org\",\"@graph\":[{\"@type\":\"WebPage\",\"@id\":\"https:\/\/www.findings-stay.com\/aviso-legal\/\",\"url\":\"https:\/\/www.findings-stay.com\/aviso-legal\/\",\"name\":\"Aviso legal - Findings Stay\",\"isPartOf\":{\"@id\":\"https:\/\/www.findings-stay.com\/#website\"},\"datePublished\":\"2024-04-04T09:47:47+00:00\",\"dateModified\":\"2024-04-18T10:12:50+00:00\",\"breadcrumb\":{\"@id\":\"https:\/\/www.findings-stay.com\/aviso-legal\/#breadcrumb\"},\"inLanguage\":\"en-GB\",\"potentialAction\":[{\"@type\":\"ReadAction\",\"target\":[\"https:\/\/www.findings-stay.com\/aviso-legal\/\"]}]},{\"@type\":\"BreadcrumbList\",\"@id\":\"https:\/\/www.findings-stay.com\/aviso-legal\/#breadcrumb\",\"itemListElement\":[{\"@type\":\"ListItem\",\"position\":1,\"name\":\"Portada\",\"item\":\"https:\/\/www.findings-stay.com\/\"},{\"@type\":\"ListItem\",\"position\":2,\"name\":\"Aviso legal\"}]},{\"@type\":\"WebSite\",\"@id\":\"https:\/\/www.findings-stay.com\/#website\",\"url\":\"https:\/\/www.findings-stay.com\/\",\"name\":\"Findings Stay\",\"description\":\"\",\"publisher\":{\"@id\":\"https:\/\/www.findings-stay.com\/#organization\"},\"potentialAction\":[{\"@type\":\"SearchAction\",\"target\":{\"@type\":\"EntryPoint\",\"urlTemplate\":\"https:\/\/www.findings-stay.com\/?s={search_term_string}\"},\"query-input\":{\"@type\":\"PropertyValueSpecification\",\"valueRequired\":true,\"valueName\":\"search_term_string\"}}],\"inLanguage\":\"en-GB\"},{\"@type\":\"Organization\",\"@id\":\"https:\/\/www.findings-stay.com\/#organization\",\"name\":\"Findings Stay\",\"url\":\"https:\/\/www.findings-stay.com\/\",\"logo\":{\"@type\":\"ImageObject\",\"inLanguage\":\"en-GB\",\"@id\":\"https:\/\/www.findings-stay.com\/#\/schema\/logo\/image\/\",\"url\":\"https:\/\/www.findings-stay.com\/wp-content\/uploads\/2024\/03\/Logo_650.png\",\"contentUrl\":\"https:\/\/www.findings-stay.com\/wp-content\/uploads\/2024\/03\/Logo_650.png\",\"width\":651,\"height\":57,\"caption\":\"Findings Stay\"},\"image\":{\"@id\":\"https:\/\/www.findings-stay.com\/#\/schema\/logo\/image\/\"}}]}<\/script>\n<!-- \/ Yoast SEO plugin. -->","yoast_head_json":{"title":"Aviso legal - Findings Stay","robots":{"index":"index","follow":"follow","max-snippet":"max-snippet:-1","max-image-preview":"max-image-preview:large","max-video-preview":"max-video-preview:-1"},"canonical":"https:\/\/www.findings-stay.com\/en\/aviso-legal\/","og_locale":"en_GB","og_type":"article","og_title":"Aviso legal - Findings Stay","og_url":"https:\/\/www.findings-stay.com\/en\/aviso-legal\/","og_site_name":"Findings Stay","article_modified_time":"2024-04-18T10:12:50+00:00","twitter_card":"summary_large_image","twitter_misc":{"Estimated reading time":"8 minutes"},"schema":{"@context":"https:\/\/schema.org","@graph":[{"@type":"WebPage","@id":"https:\/\/www.findings-stay.com\/aviso-legal\/","url":"https:\/\/www.findings-stay.com\/aviso-legal\/","name":"Aviso legal - Findings Stay","isPartOf":{"@id":"https:\/\/www.findings-stay.com\/#website"},"datePublished":"2024-04-04T09:47:47+00:00","dateModified":"2024-04-18T10:12:50+00:00","breadcrumb":{"@id":"https:\/\/www.findings-stay.com\/aviso-legal\/#breadcrumb"},"inLanguage":"en-GB","potentialAction":[{"@type":"ReadAction","target":["https:\/\/www.findings-stay.com\/aviso-legal\/"]}]},{"@type":"BreadcrumbList","@id":"https:\/\/www.findings-stay.com\/aviso-legal\/#breadcrumb","itemListElement":[{"@type":"ListItem","position":1,"name":"Portada","item":"https:\/\/www.findings-stay.com\/"},{"@type":"ListItem","position":2,"name":"Aviso legal"}]},{"@type":"WebSite","@id":"https:\/\/www.findings-stay.com\/#website","url":"https:\/\/www.findings-stay.com\/","name":"Findings Stay","description":"","publisher":{"@id":"https:\/\/www.findings-stay.com\/#organization"},"potentialAction":[{"@type":"SearchAction","target":{"@type":"EntryPoint","urlTemplate":"https:\/\/www.findings-stay.com\/?s={search_term_string}"},"query-input":{"@type":"PropertyValueSpecification","valueRequired":true,"valueName":"search_term_string"}}],"inLanguage":"en-GB"},{"@type":"Organization","@id":"https:\/\/www.findings-stay.com\/#organization","name":"Findings Stay","url":"https:\/\/www.findings-stay.com\/","logo":{"@type":"ImageObject","inLanguage":"en-GB","@id":"https:\/\/www.findings-stay.com\/#\/schema\/logo\/image\/","url":"https:\/\/www.findings-stay.com\/wp-content\/uploads\/2024\/03\/Logo_650.png","contentUrl":"https:\/\/www.findings-stay.com\/wp-content\/uploads\/2024\/03\/Logo_650.png","width":651,"height":57,"caption":"Findings Stay"},"image":{"@id":"https:\/\/www.findings-stay.com\/#\/schema\/logo\/image\/"}}]}},"_links":{"self":[{"href":"https:\/\/www.findings-stay.com\/en\/wp-json\/wp\/v2\/pages\/4393","targetHints":{"allow":["GET"]}}],"collection":[{"href":"https:\/\/www.findings-stay.com\/en\/wp-json\/wp\/v2\/pages"}],"about":[{"href":"https:\/\/www.findings-stay.com\/en\/wp-json\/wp\/v2\/types\/page"}],"author":[{"embeddable":true,"href":"https:\/\/www.findings-stay.com\/en\/wp-json\/wp\/v2\/users\/1"}],"replies":[{"embeddable":true,"href":"https:\/\/www.findings-stay.com\/en\/wp-json\/wp\/v2\/comments?post=4393"}],"version-history":[{"count":13,"href":"https:\/\/www.findings-stay.com\/en\/wp-json\/wp\/v2\/pages\/4393\/revisions"}],"predecessor-version":[{"id":4923,"href":"https:\/\/www.findings-stay.com\/en\/wp-json\/wp\/v2\/pages\/4393\/revisions\/4923"}],"wp:attachment":[{"href":"https:\/\/www.findings-stay.com\/en\/wp-json\/wp\/v2\/media?parent=4393"}],"curies":[{"name":"wp","href":"https:\/\/api.w.org\/{rel}","templated":true}]}}