{"id":3,"date":"2024-02-07T09:15:25","date_gmt":"2024-02-07T08:15:25","guid":{"rendered":"http:\/\/www.findings-stay.com\/?page_id=3"},"modified":"2024-04-05T08:35:50","modified_gmt":"2024-04-05T06:35:50","slug":"politica-privacidad","status":"publish","type":"page","link":"https:\/\/www.findings-stay.com\/en\/politica-privacidad\/","title":{"rendered":"Privacy Policy"},"content":{"rendered":"<section class=\"wpb-content-wrapper\"><div class=\"vc_row wpb_row vc_row-fluid\" ><div class=\"wpb_column vc_column_container vc_col-sm-2\"><div class=\"vc_column-inner\"><div class=\"wpb_wrapper\"><\/div><\/div><\/div><div class=\"wpb_column vc_column_container vc_col-sm-8\"><div class=\"vc_column-inner\"><div class=\"wpb_wrapper\">\n\t<div class=\"wpb_text_column wpb_content_element  vc_custom_1712298666441\" >\n\t\t<div class=\"wpb_wrapper\">\n\t\t\t<h2 style=\"text-align: center;\"><span style=\"color: #636363;\">Pol\u00edtica de Privacidad<\/span><\/h2>\n\n\t\t<\/div>\n\t<\/div>\n\n\t<div class=\"wpb_text_column wpb_content_element  vc_custom_1712298943740\" >\n\t\t<div class=\"wpb_wrapper\">\n\t\t\t<p><span style=\"color: #000000;\"><\/span><\/p>\n<figure class=\"wp-block-table\">\n<table>\n<tbody>\n<tr>\n<td colspan=\"2\"><span style=\"color: #636363;\"><strong>Informaci\u00f3n B\u00e1sica sobre Protecci\u00f3n de datos<\/strong><\/span><\/td>\n<\/tr>\n<tr>\n<td><span style=\"color: #636363;\"><strong>Responsable:<\/strong><\/span><\/td>\n<td><span style=\"color: #636363;\">GALERIA MARBOR S.L.<\/span><\/td>\n<\/tr>\n<tr>\n<td><span style=\"color: #636363;\"><strong>Finalidad:<\/strong><\/span><\/td>\n<td><span style=\"color: #636363;\">Atender su solicitud.<\/span><\/td>\n<\/tr>\n<tr>\n<td><span style=\"color: #636363;\"><strong>Legitimaci\u00f3n:<\/strong><\/span><\/td>\n<td><span style=\"color: #636363;\">Ejecuci\u00f3n de un contrato y consentimiento del interesado.<\/span><\/td>\n<\/tr>\n<tr>\n<td><span style=\"color: #636363;\"><strong>Destinatarios:<\/strong><\/span><\/td>\n<td><span style=\"color: #636363;\">No se ceder\u00e1n datos a terceros, salvo obligaci\u00f3n legal.<\/span><\/td>\n<\/tr>\n<tr>\n<td><span style=\"color: #636363;\"><strong>Derechos:<\/strong><\/span><\/td>\n<td><span style=\"color: #636363;\">Tiene derecho a acceder, rectificar y suprimir los datos, as\u00ed como otros derechos, indicados en la informaci\u00f3n adicional, que puede ejercer dirigi\u00e9ndose a GALERIA MARBOR S.L., C\/ Valle de la Fuenfr\u00eda N\u00ba 4, Madrid, C.P. 28034., Espa\u00f1a.<\/span><\/td>\n<\/tr>\n<\/tbody>\n<\/table>\n<\/figure>\n<p><span style=\"color: #636363;\"><\/span><\/p>\n<p><span style=\"color: #636363;\"><\/span><\/p>\n<p class=\"wp-elements-df7166cc04ce6075ecf46c932a2979d7\">&nbsp;<\/p>\n<p class=\"has-text-color has-link-color\" style=\"color: #626268;\"><span style=\"color: #636363;\"><strong>GENERAL:\u00a0<\/strong><\/span><\/p>\n<p><span style=\"color: #636363;\"><\/span><\/p>\n<p><span style=\"color: #636363;\">A los efectos de lo previsto en el Reglamento Europeo de Protecci\u00f3n de Datos UE 2016\/679, de 27 de Abril (RGPD), en la Ley Org\u00e1nica 3\/2018, de 5 de Diciembre, de Protecci\u00f3n de Datos Personales y Garant\u00eda de los Derechos Digitales (LOPDGDD) y resto de la normativa nacional vigente, GALERIA MARBOR S.L., le informa que cumple \u00edntegramente con la legislaci\u00f3n vigente en materia de protecci\u00f3n de datos de car\u00e1cter personal, y con los compromisos de confidencialidad propios de su actividad.<\/span><\/p>\n<p><span style=\"color: #636363;\"><\/span><\/p>\n<p><span style=\"color: #636363;\">GALERIA MARBOR S.L. pone en su conocimiento la existencia de un sistema de tratamiento de la informaci\u00f3n, titularidad de GALERIA MARBOR S.L., para las finalidades propias de gesti\u00f3n, comunicaci\u00f3n e informaci\u00f3n. El citado sistema se encuentra descrito en el correspondiente Registro de Actividades de Tratamiento, al que puede acceder el usuario para comprobar la situaci\u00f3n de sus datos.<\/span><\/p>\n<p><span style=\"color: #636363;\"><\/span><\/p>\n<p><span style=\"color: #636363;\"><\/span><\/p>\n<p class=\"wp-elements-e8f79af9a669b1e1b8c1807c3ca80b88\">&nbsp;<\/p>\n<p class=\"has-text-color has-link-color\" style=\"color: #626268;\"><span style=\"color: #636363;\"><strong>MEDIDAS Y NIVELES DE SEGURIDAD:\u00a0<\/strong><\/span><\/p>\n<p><span style=\"color: #636363;\"><\/span><\/p>\n<p><span style=\"color: #636363;\">GALERIA MARBOR S.L. ha adoptado las medidas necesarias para garantizar la seguridad de la informaci\u00f3n, tal y como exige el art. 32 del RGPD, seg\u00fan la naturaleza de los datos personales tratados y las circunstancias del tratamiento, con el objeto de evitar, en la medida de lo posible y siempre seg\u00fan el estado de la t\u00e9cnica, su alteraci\u00f3n, p\u00e9rdida, tratamiento o acceso no autorizado, garantizando con ello la confidencialidad, integridad y disponibilidad de los mismos.<\/span><\/p>\n<p><span style=\"color: #636363;\"><\/span><\/p>\n<p><span style=\"color: #636363;\"><\/span><\/p>\n<p class=\"wp-elements-3957a48a6412d31b1c0aa6c267ac7541\">&nbsp;<\/p>\n<p class=\"has-text-color has-link-color\" style=\"color: #626268;\"><span style=\"color: #636363;\"><strong>AMBITO DE APLICACI\u00d3N:\u00a0<\/strong><\/span><\/p>\n<p><span style=\"color: #636363;\"><\/span><\/p>\n<p><span style=\"color: #636363;\">Las medidas de seguridad que el GALERIA MARBOR S.L. tenga descritas en el Registro de Actividades de Tratamiento ser\u00e1n aplicadas al conjunto de activos del sistema de tratamiento de la informaci\u00f3n en el que se traten los datos de car\u00e1cter personal, con el objeto de dar cumplimiento a la legislaci\u00f3n vigente en materia de protecci\u00f3n de datos.<\/span><\/p>\n<p><span style=\"color: #636363;\"><\/span><\/p>\n<p><span style=\"color: #636363;\">Todo el personal contratado por GALERIA MARBOR S.L. y sus Encargados de Tratamiento, est\u00e1n obligados al cumplimiento de la citada normativa, con especial atenci\u00f3n en lo relativo a sus funciones y obligaciones, incluido el deber de secreto, que ser\u00e1n debidamente determinadas por GALERIA MARBOR S.L..<\/span><\/p>\n<p><span style=\"color: #636363;\"><\/span><\/p>\n<p><span style=\"color: #636363;\"><\/span><\/p>\n<p class=\"wp-elements-96383661725b2d459fb284b1302b7fc5\">&nbsp;<\/p>\n<p class=\"has-text-color has-link-color\" style=\"color: #626268;\"><span style=\"color: #636363;\"><strong>RECOGIDA DE DATOS:<\/strong><\/span><\/p>\n<p><span style=\"color: #636363;\"><\/span><\/p>\n<p><span style=\"color: #636363;\">La aceptaci\u00f3n de las presentes condiciones, precisa del usuario la recogida de unos datos imprescindibles para la prestaci\u00f3n de sus servicios, que le ser\u00e1n solicitados personalmente a trav\u00e9s de formularios o de la p\u00e1gina Web. En el momento de la recogida de los datos, el usuario ser\u00e1 debidamente informado de los derechos que le asisten.<\/span><\/p>\n<p><span style=\"color: #636363;\"><\/span><\/p>\n<p><span style=\"color: #636363;\">La cumplimentaci\u00f3n del formulario incluido en el sitio o el env\u00edo de correos electr\u00f3nicos u otras comunicaciones a GALERIA MARBOR S.L., implica el consentimiento expreso del usuario a la inclusi\u00f3n de sus datos de car\u00e1cter personal en el referido sistema de tratamiento, titularidad de GALERIA MARBOR S.L..<\/span><\/p>\n<p><span style=\"color: #636363;\"><\/span><\/p>\n<p><span style=\"color: #636363;\">Al tiempo de la petici\u00f3n de esta informaci\u00f3n, se comunicar\u00e1 al cliente o usuario del<\/span><\/p>\n<p><span style=\"color: #636363;\"><\/span><\/p>\n<p><span style=\"color: #636363;\">destinatario de la informaci\u00f3n, de la finalidad para la cual se recogen los datos, de la<\/span><\/p>\n<p><span style=\"color: #636363;\"><\/span><\/p>\n<p><span style=\"color: #636363;\">identidad y direcci\u00f3n de GALERIA MARBOR S.L. y de la facultad del usuario de ejercitar los derechos de acceso, impugnaci\u00f3n, rectificaci\u00f3n, cancelaci\u00f3n, supresi\u00f3n u oposici\u00f3n, portabilidad, limitaci\u00f3n del tratamiento y a presentar reclamaci\u00f3n ante la AEPD.<\/span><\/p>\n<p><span style=\"color: #636363;\"><\/span><\/p>\n<p><span style=\"color: #636363;\">Para que la informaci\u00f3n que contiene nuestro sistema de tratamiento est\u00e9 siempre actualizada y no contenga errores, pedimos a nuestros clientes y usuarios que nos comuniquen, a la mayor brevedad posible, las modificaciones y rectificaciones de sus datos de car\u00e1cter personal.<\/span><\/p>\n<p><span style=\"color: #636363;\"><\/span><\/p>\n<p>&nbsp;<\/p>\n<p><span style=\"color: #636363;\"><strong>EJERCICIO DE DERECHOS:\u00a0<\/strong><\/span><\/p>\n<p><span style=\"color: #636363;\"><\/span><\/p>\n<p><span style=\"color: #636363;\">Para ejercitar los Derechos de acceso, oposici\u00f3n, rectificaci\u00f3n, cancelaci\u00f3n o supresi\u00f3n, revocaci\u00f3n del consentimiento, limitaci\u00f3n del tratamiento de los datos y portabilidad, deber\u00e1n dirigirse por escrito a GALERIA MARBOR S.L., C\/ Valle de la Fuenfr\u00eda N\u00ba 4, Madrid, C.P. 28034., Espa\u00f1a, mediante comunicaci\u00f3n por escrito. Tambi\u00e9n puede presentar reclamaci\u00f3n ante la AEPD.<\/span><\/p>\n<p><span style=\"color: #636363;\"><\/span><\/p>\n<p>&nbsp;<\/p>\n<p><span style=\"color: #636363;\"><strong>CONSENTIMIENTO:<\/strong><\/span><\/p>\n<p><span style=\"color: #636363;\"><\/span><\/p>\n<p><span style=\"color: #636363;\">El usuario prestar\u00e1 su consentimiento para que GALERIA MARBOR S.L. pueda hacer uso de sus datos personales a fin de prestar un correcto cumplimiento de los servicios contratados.<\/span><\/p>\n<p><span style=\"color: #636363;\"><\/span><\/p>\n<p><span style=\"color: #636363;\">La cumplimentaci\u00f3n del formulario incluido en el sitio o el env\u00edo de correos electr\u00f3nicos u otras comunicaciones a GALERIA MARBOR S.L., implica el consentimiento expreso del usuario a la inclusi\u00f3n de sus datos de car\u00e1cter personal en el referido sistema de tratamiento, titularidad de GALERIA MARBOR S.L..<\/span><\/p>\n<p><span style=\"color: #636363;\"><\/span><\/p>\n<p><span style=\"color: #636363;\">Al tiempo de la petici\u00f3n de esta informaci\u00f3n, se comunicar\u00e1 al cliente o usuario del destinatario de la informaci\u00f3n, de la finalidad para la cual se recogen los datos, de la identidad y direcci\u00f3n de GALERIA MARBOR S.L. y de la facultad del usuario de ejercitar los derechos de acceso, oposici\u00f3n, rectificaci\u00f3n, cancelaci\u00f3n o supresi\u00f3n, revocaci\u00f3n del consentimiento, limitaci\u00f3n del tratamiento de los datos y portabilidad, y a presentar reclamaci\u00f3n ante la AEPD.<\/span><\/p>\n<p><span style=\"color: #636363;\"><\/span><\/p>\n<p><span style=\"color: #636363;\"><\/span><\/p>\n<p class=\"wp-elements-145ed3ee58655d396a4f76c47aba159f\">&nbsp;<\/p>\n<p class=\"has-text-color has-link-color\" style=\"color: #626268;\"><span style=\"color: #636363;\"><strong>CESI\u00d3N A TERCEROS:<\/strong><\/span><\/p>\n<p><span style=\"color: #636363;\"><\/span><\/p>\n<p><span style=\"color: #636363;\">GALERIA MARBOR S.L. no cede datos de car\u00e1cter personal sin el consentimiento expreso de sus titulares, que deber\u00e1 ser concedido en cada ocasi\u00f3n, siendo s\u00f3lo cedidos con la finalidad expresada y siempre con el consentimiento del usuario o cliente.<\/span><\/p>\n<p><span style=\"color: #636363;\"><\/span><\/p>\n<p><span style=\"color: #636363;\"><\/span><\/p>\n<p class=\"wp-elements-2a2a8f8e14142333ccc6e013c957310e\">&nbsp;<\/p>\n<p class=\"has-text-color has-link-color\" style=\"color: #626268;\"><span style=\"color: #636363;\"><strong>ENV\u00cdO CURRICULUM VITAE<\/strong><\/span><\/p>\n<p><span style=\"color: #636363;\"><\/span><\/p>\n<p><span style=\"color: #636363;\">En el supuesto de que el usuario env\u00ede su CV a trav\u00e9s de nuestra web o de nuestras redes sociales, le informamos que los datos aportados ser\u00e1n tratados para hacerlo part\u00edcipe de los procesos de selecci\u00f3n que pueda haber en la entidad, llevando a cabo un an\u00e1lisis del perfil del solicitante con el objetivo de seleccionar el mejor candidato para el lugar vacante del responsable.<\/span><\/p>\n<p><span style=\"color: #636363;\"><\/span><\/p>\n<p><span style=\"color: #636363;\">Los datos se conservar\u00e1n durante un plazo m\u00e1ximo de 2 a\u00f1os, transcurrido el cual se proceder\u00e1 a la supresi\u00f3n de los datos garantiz\u00e1ndole un total respecto a la confidencialidad tanto en el tratamiento como en su posterior destrucci\u00f3n. En este sentido, transcurrido el mencionado plazo, y si desea continuar participando en los procesos de selecci\u00f3n del responsable, le rogamos nos remita nuevamente su curr\u00edculum.<\/span><\/p>\n<p><span style=\"color: #636363;\"><\/span><\/p>\n<p><span style=\"color: #636363;\">En caso de producirse alguna modificaci\u00f3n en los datos, le rogamos nos lo comunique por escrito lo m\u00e1s ante posible, con objeto de mantener sus datos debidamente actualizados.<\/span><\/p>\n<p><span style=\"color: #636363;\"><\/span><\/p>\n<p><span style=\"color: #636363;\">Los datos se podr\u00e1n tratar y\/o comunicar a las empresas integrantes de nuestro grupo durante el tiempo de conservaci\u00f3n de su curr\u00edculum y para los mismos fines antes informados.<\/span><\/p>\n<p><span style=\"color: #636363;\"><\/span><\/p>\n<p><span style=\"color: #636363;\"><\/span><\/p>\n<p class=\"wp-elements-e1b4f548eeb8a47da3177eebe505b20d\">&nbsp;<\/p>\n<p class=\"has-text-color has-link-color\" style=\"color: #626268;\"><span style=\"color: #636363;\"><strong>CONFIDENCIALIDAD Y SECRETO PROFESIONAL:<\/strong><\/span><\/p>\n<p><span style=\"color: #636363;\"><\/span><\/p>\n<p><span style=\"color: #636363;\">Los datos recogidos en todas las comunicaciones privadas entre GALERIA MARBOR S.L. y los clientes o usuarios ser\u00e1n tratados con absoluta confidencialidad, comprometi\u00e9ndose GALERIA MARBOR S.L., a la obligaci\u00f3n de secreto de los datos de car\u00e1cter personal, a su deber de guardarlos y adoptar todas las medidas necesarias que eviten su alteraci\u00f3n, p\u00e9rdida y tratamiento o acceso no autorizado, de acuerdo con lo establecido en la normativa vigente.<\/span><\/p>\n<p><span style=\"color: #636363;\"><\/span><\/p>\n<p><span style=\"color: #636363;\">Adem\u00e1s, tambi\u00e9n tendr\u00e1 la condici\u00f3n de confidencial la informaci\u00f3n de cualquier tipo que las partes intercambien entre s\u00ed, aquella que estas acuerden que tiene tal naturaleza, o la que simplemente verse sobre el contenido de dicha informaci\u00f3n. La visualizaci\u00f3n de datos a trav\u00e9s de Internet, no supondr\u00e1 el acceso directo a los mismos, salvo consentimiento expreso de su titular para cada ocasi\u00f3n.<\/span><\/p>\n<p><span style=\"color: #636363;\"><\/span><\/p>\n<p><span style=\"color: #636363;\">Recomendamos al usuario que no facilite a tercero alguno su identificaci\u00f3n, contrase\u00f1a o n\u00fameros de referencia que GALERIA MARBOR S.L. pudiera proporcionarle. Asimismo, para garantizar que la protecci\u00f3n del secreto profesional entre GALERIA MARBOR S.L. y el cliente se preserve en todas las comunicaciones, el cliente\/usuario no debe revelar la informaci\u00f3n confidencial a terceros.<\/span><\/p>\n<p><span style=\"color: #636363;\"><\/span><\/p>\n<p><span style=\"color: #636363;\"><\/span><\/p>\n<p class=\"wp-elements-7ad8c5402fdafdf73b07dacb8bf22d0e\">&nbsp;<\/p>\n<p class=\"has-text-color has-link-color\" style=\"color: #626268;\"><span style=\"color: #636363;\"><strong>CAMBIOS EN LA POL\u00cdTICA DE SEGURIDAD Y DE PROTECCI\u00d3N DE DATOS:<\/strong><\/span><\/p>\n<p><span style=\"color: #636363;\"><\/span><\/p>\n<p><span style=\"color: #636363;\">GALERIA MARBOR S.L. se reserva el derecho de modificar su pol\u00edtica de seguridad y protecci\u00f3n de datos con el objeto de adaptarlo a las novedades legislativas o jurisprudenciales, as\u00ed como las que pudieran derivarse de c\u00f3digos tipo existentes en la materia, o por decisiones corporativas estrat\u00e9gicas, con efectos de la fecha de publicaci\u00f3n de dicha modificaci\u00f3n en la p\u00e1gina Web de GALERIA MARBOR S.L..<\/span><\/p>\n<p><span style=\"color: #636363;\"><\/span><\/p>\n<p><span style=\"color: #636363;\"><\/span><\/p>\n<p class=\"wp-elements-8b8ce7551acd06a917593ddd0a0b26d7\">&nbsp;<\/p>\n<p class=\"has-text-color has-link-color\" style=\"color: #626268;\"><span style=\"color: #636363;\"><strong>DIRECCI\u00d3N DE CONTACTO:<\/strong><\/span><\/p>\n<p><span style=\"color: #636363;\"><\/span><\/p>\n<p><span style=\"color: #636363;\">El presente sitio Web es gestionado por GALERIA MARBOR S.L., con CIF B42891911, inscrita en el Registro Mercantil de Madrid, Tomo\u2026..<\/span><\/p>\n<p><span style=\"color: #636363;\"><\/span><\/p>\n<p><span style=\"color: #636363;\">E-MAIL: irene@findings-gallery.com<\/span><\/p>\n<p><span style=\"color: #636363;\"><\/span><\/p>\n<p><span style=\"color: #636363;\">El sistema de tratamiento de la informaci\u00f3n creado, est\u00e1 ubicado en el domicilio social, el cual queda establecido a los efectos del presente Aviso Legal, en GALERIA MARBOR S.L., C\/ Valle de la Fuenfr\u00eda N\u00ba 4, Madrid, C.P. 28034., Espa\u00f1a; bajo la supervisi\u00f3n y control de GALERIA MARBOR S.L., quien asume la responsabilidad en la adopci\u00f3n de medidas de seguridad de \u00edndole t\u00e9cnica y organizativa para proteger la confidencialidad e integridad de la informaci\u00f3n,\u00a0 de acuerdo con lo establecido en el Reglamento Europeo de Protecci\u00f3n de Datos UE 2016\/679, de 27 de Abril, del Parlamento y el Consejo; la Ley Org\u00e1nica 3\/2018, de 5 de Diciembre, de Protecci\u00f3n de Datos y Garant\u00eda de los Derechos Digitales y resto de la normativa nacional vigente y dem\u00e1s legislaci\u00f3n aplicable.<\/span><\/p>\n<p><span style=\"color: #636363;\"><\/span><\/p>\n<p><span style=\"color: #636363;\">GALERIA MARBOR S.L. a tenor de la Ley 34\/2002, de Servicios de la Sociedad de la Informaci\u00f3n y del Comercio Electr\u00f3nico, les comunica que la acepci\u00f3n amplia de dicha Ley, engloba entre estos servicios el suministro de informaci\u00f3n por dicho medio. En todo caso, ser\u00e1 de aplicaci\u00f3n el Reglamento Europeo de Protecci\u00f3n de Datos UE 2016\/679, de 27 de Abril, la Ley Org\u00e1nica 3\/2018, de 5 de Diciembre, de Protecci\u00f3n de Datos Personales y Garant\u00eda de los Derechos Digitales, el resto de la normativa nacional vigente y su normativa de desarrollo, en especial, en lo que se refiere a la obtenci\u00f3n de datos personales, la informaci\u00f3n a los interesados y la creaci\u00f3n y mantenimiento de ficheros de datos personales.<\/span><\/p>\n<p><span style=\"color: #636363;\">\u00a0<\/span><\/p>\n\n\t\t<\/div>\n\t<\/div>\n<\/div><\/div><\/div><div class=\"wpb_column vc_column_container vc_col-sm-2\"><div class=\"vc_column-inner\"><div class=\"wpb_wrapper\"><\/div><\/div><\/div><\/div><\/section>","protected":false},"excerpt":{"rendered":"Pol\u00edtica de Privacidad Informaci\u00f3n B\u00e1sica sobre Protecci\u00f3n de datos Responsable: GALERIA MARBOR S.L. Finalidad: Atender su solicitud. Legitimaci\u00f3n: Ejecuci\u00f3n de un contrato y consentimiento del interesado. Destinatarios: No se ceder\u00e1n datos a terceros, salvo obligaci\u00f3n legal. Derechos: Tiene derecho a [...]","protected":false},"author":1,"featured_media":0,"parent":0,"menu_order":0,"comment_status":"closed","ping_status":"open","template":"","meta":{"_joinchat":[],"footnotes":""},"class_list":["post-3","page","type-page","status-publish","hentry"],"yoast_head":"<!-- This site is optimized with the Yoast SEO plugin v26.5 - https:\/\/yoast.com\/wordpress\/plugins\/seo\/ -->\n<title>Pol\u00edtica de privacidad - Findings Stay<\/title>\n<meta name=\"robots\" content=\"index, follow, max-snippet:-1, max-image-preview:large, max-video-preview:-1\" \/>\n<link rel=\"canonical\" href=\"https:\/\/www.findings-stay.com\/en\/politica-privacidad\/\" \/>\n<meta property=\"og:locale\" content=\"en_GB\" \/>\n<meta property=\"og:type\" content=\"article\" \/>\n<meta property=\"og:title\" content=\"Pol\u00edtica de privacidad - Findings Stay\" \/>\n<meta property=\"og:url\" content=\"https:\/\/www.findings-stay.com\/en\/politica-privacidad\/\" \/>\n<meta property=\"og:site_name\" content=\"Findings Stay\" \/>\n<meta property=\"article:modified_time\" content=\"2024-04-05T06:35:50+00:00\" \/>\n<meta name=\"twitter:card\" content=\"summary_large_image\" \/>\n<meta name=\"twitter:label1\" content=\"Estimated reading time\" \/>\n\t<meta name=\"twitter:data1\" content=\"9 minutes\" \/>\n<script type=\"application\/ld+json\" class=\"yoast-schema-graph\">{\"@context\":\"https:\/\/schema.org\",\"@graph\":[{\"@type\":\"WebPage\",\"@id\":\"https:\/\/www.findings-stay.com\/politica-privacidad\/\",\"url\":\"https:\/\/www.findings-stay.com\/politica-privacidad\/\",\"name\":\"Pol\u00edtica de privacidad - Findings Stay\",\"isPartOf\":{\"@id\":\"https:\/\/www.findings-stay.com\/#website\"},\"datePublished\":\"2024-02-07T08:15:25+00:00\",\"dateModified\":\"2024-04-05T06:35:50+00:00\",\"breadcrumb\":{\"@id\":\"https:\/\/www.findings-stay.com\/politica-privacidad\/#breadcrumb\"},\"inLanguage\":\"en-GB\",\"potentialAction\":[{\"@type\":\"ReadAction\",\"target\":[\"https:\/\/www.findings-stay.com\/politica-privacidad\/\"]}]},{\"@type\":\"BreadcrumbList\",\"@id\":\"https:\/\/www.findings-stay.com\/politica-privacidad\/#breadcrumb\",\"itemListElement\":[{\"@type\":\"ListItem\",\"position\":1,\"name\":\"Portada\",\"item\":\"https:\/\/www.findings-stay.com\/\"},{\"@type\":\"ListItem\",\"position\":2,\"name\":\"Pol\u00edtica de privacidad\"}]},{\"@type\":\"WebSite\",\"@id\":\"https:\/\/www.findings-stay.com\/#website\",\"url\":\"https:\/\/www.findings-stay.com\/\",\"name\":\"Findings Stay\",\"description\":\"\",\"publisher\":{\"@id\":\"https:\/\/www.findings-stay.com\/#organization\"},\"potentialAction\":[{\"@type\":\"SearchAction\",\"target\":{\"@type\":\"EntryPoint\",\"urlTemplate\":\"https:\/\/www.findings-stay.com\/?s={search_term_string}\"},\"query-input\":{\"@type\":\"PropertyValueSpecification\",\"valueRequired\":true,\"valueName\":\"search_term_string\"}}],\"inLanguage\":\"en-GB\"},{\"@type\":\"Organization\",\"@id\":\"https:\/\/www.findings-stay.com\/#organization\",\"name\":\"Findings Stay\",\"url\":\"https:\/\/www.findings-stay.com\/\",\"logo\":{\"@type\":\"ImageObject\",\"inLanguage\":\"en-GB\",\"@id\":\"https:\/\/www.findings-stay.com\/#\/schema\/logo\/image\/\",\"url\":\"https:\/\/www.findings-stay.com\/wp-content\/uploads\/2024\/03\/Logo_650.png\",\"contentUrl\":\"https:\/\/www.findings-stay.com\/wp-content\/uploads\/2024\/03\/Logo_650.png\",\"width\":651,\"height\":57,\"caption\":\"Findings Stay\"},\"image\":{\"@id\":\"https:\/\/www.findings-stay.com\/#\/schema\/logo\/image\/\"}}]}<\/script>\n<!-- \/ Yoast SEO plugin. -->","yoast_head_json":{"title":"Pol\u00edtica de privacidad - Findings Stay","robots":{"index":"index","follow":"follow","max-snippet":"max-snippet:-1","max-image-preview":"max-image-preview:large","max-video-preview":"max-video-preview:-1"},"canonical":"https:\/\/www.findings-stay.com\/en\/politica-privacidad\/","og_locale":"en_GB","og_type":"article","og_title":"Pol\u00edtica de privacidad - Findings Stay","og_url":"https:\/\/www.findings-stay.com\/en\/politica-privacidad\/","og_site_name":"Findings Stay","article_modified_time":"2024-04-05T06:35:50+00:00","twitter_card":"summary_large_image","twitter_misc":{"Estimated reading time":"9 minutes"},"schema":{"@context":"https:\/\/schema.org","@graph":[{"@type":"WebPage","@id":"https:\/\/www.findings-stay.com\/politica-privacidad\/","url":"https:\/\/www.findings-stay.com\/politica-privacidad\/","name":"Pol\u00edtica de privacidad - Findings Stay","isPartOf":{"@id":"https:\/\/www.findings-stay.com\/#website"},"datePublished":"2024-02-07T08:15:25+00:00","dateModified":"2024-04-05T06:35:50+00:00","breadcrumb":{"@id":"https:\/\/www.findings-stay.com\/politica-privacidad\/#breadcrumb"},"inLanguage":"en-GB","potentialAction":[{"@type":"ReadAction","target":["https:\/\/www.findings-stay.com\/politica-privacidad\/"]}]},{"@type":"BreadcrumbList","@id":"https:\/\/www.findings-stay.com\/politica-privacidad\/#breadcrumb","itemListElement":[{"@type":"ListItem","position":1,"name":"Portada","item":"https:\/\/www.findings-stay.com\/"},{"@type":"ListItem","position":2,"name":"Pol\u00edtica de privacidad"}]},{"@type":"WebSite","@id":"https:\/\/www.findings-stay.com\/#website","url":"https:\/\/www.findings-stay.com\/","name":"Findings Stay","description":"","publisher":{"@id":"https:\/\/www.findings-stay.com\/#organization"},"potentialAction":[{"@type":"SearchAction","target":{"@type":"EntryPoint","urlTemplate":"https:\/\/www.findings-stay.com\/?s={search_term_string}"},"query-input":{"@type":"PropertyValueSpecification","valueRequired":true,"valueName":"search_term_string"}}],"inLanguage":"en-GB"},{"@type":"Organization","@id":"https:\/\/www.findings-stay.com\/#organization","name":"Findings Stay","url":"https:\/\/www.findings-stay.com\/","logo":{"@type":"ImageObject","inLanguage":"en-GB","@id":"https:\/\/www.findings-stay.com\/#\/schema\/logo\/image\/","url":"https:\/\/www.findings-stay.com\/wp-content\/uploads\/2024\/03\/Logo_650.png","contentUrl":"https:\/\/www.findings-stay.com\/wp-content\/uploads\/2024\/03\/Logo_650.png","width":651,"height":57,"caption":"Findings Stay"},"image":{"@id":"https:\/\/www.findings-stay.com\/#\/schema\/logo\/image\/"}}]}},"_links":{"self":[{"href":"https:\/\/www.findings-stay.com\/en\/wp-json\/wp\/v2\/pages\/3","targetHints":{"allow":["GET"]}}],"collection":[{"href":"https:\/\/www.findings-stay.com\/en\/wp-json\/wp\/v2\/pages"}],"about":[{"href":"https:\/\/www.findings-stay.com\/en\/wp-json\/wp\/v2\/types\/page"}],"author":[{"embeddable":true,"href":"https:\/\/www.findings-stay.com\/en\/wp-json\/wp\/v2\/users\/1"}],"replies":[{"embeddable":true,"href":"https:\/\/www.findings-stay.com\/en\/wp-json\/wp\/v2\/comments?post=3"}],"version-history":[{"count":6,"href":"https:\/\/www.findings-stay.com\/en\/wp-json\/wp\/v2\/pages\/3\/revisions"}],"predecessor-version":[{"id":4457,"href":"https:\/\/www.findings-stay.com\/en\/wp-json\/wp\/v2\/pages\/3\/revisions\/4457"}],"wp:attachment":[{"href":"https:\/\/www.findings-stay.com\/en\/wp-json\/wp\/v2\/media?parent=3"}],"curies":[{"name":"wp","href":"https:\/\/api.w.org\/{rel}","templated":true}]}}